{"id":1677,"date":"2021-06-04T12:39:33","date_gmt":"2021-06-04T12:39:33","guid":{"rendered":"http:\/\/www.fewotours.de\/?page_id=1677"},"modified":"2021-12-22T20:01:19","modified_gmt":"2021-12-22T19:01:19","slug":"schutz-hygienekonzept","status":"publish","type":"page","link":"https:\/\/www.fewotours.de\/?page_id=1677","title":{"rendered":"Schutz-Hygienekonzept"},"content":{"rendered":"<div id='revolutionslider_1'  class='avia-layerslider avia-revolutionslider main_color avia-shadow  avia-builder-el-0  el_before_av_heading  avia-builder-el-first   container_wrap fullsize'  >\n\t\t\t<!-- START FEWO REVOLUTION SLIDER 6.4.11 --><p class=\"rs-p-wp-fix\"><\/p>\n\t\t\t<rs-module-wrap id=\"rev_slider_21_1_wrapper\" data-source=\"gallery\" style=\"background:transparent;padding:0;margin:0px auto;margin-top:0;margin-bottom:0;\">\n\t\t\t\t<rs-module id=\"rev_slider_21_1\" style=\"\" data-version=\"6.4.11\">\n\t\t\t\t\t<rs-slides>\n\t\t\t\t\t\t<rs-slide data-key=\"rs-87\" data-title=\"Slide\" data-in=\"o:0;\" data-out=\"a:false;\">\n\t\t\t\t\t\t\t<img decoding=\"async\" src=\"\/\/www.fewotours.de\/wp-content\/plugins\/revslider\/public\/assets\/assets\/transparent.png\" alt=\"Slide\" title=\"Schutz-Hygienekonzept\" class=\"rev-slidebg tp-rs-img\" data-no-retina>\n<!--\n\t\t\t\t\t\t\t--><rs-layer\n\t\t\t\t\t\t\t\tid=\"slider-21-slide-87-layer-1\" \n\t\t\t\t\t\t\t\tdata-type=\"image\"\n\t\t\t\t\t\t\t\tdata-rsp_ch=\"on\"\n\t\t\t\t\t\t\t\tdata-text=\"w:normal;s:20,10,7,4;l:0,13,9,6;\"\n\t\t\t\t\t\t\t\tdata-dim=\"w:1920px,1024px,778px,480px;h:710px,378px,287px,177px;\"\n\t\t\t\t\t\t\t\tdata-frame_999=\"o:0;st:w;\"\n\t\t\t\t\t\t\t\tstyle=\"z-index:5;\"\n\t\t\t\t\t\t\t><img loading=\"lazy\" decoding=\"async\" src=\"\/\/www.fewotours.de\/wp-content\/uploads\/2022\/02\/image_70255363.jpg\" class=\"tp-rs-img\" width=\"1920\" height=\"710\" data-no-retina> \n\t\t\t\t\t\t\t<\/rs-layer><!--\n-->\t\t\t\t\t\t<\/rs-slide>\n\t\t\t\t\t<\/rs-slides>\n\t\t\t\t<\/rs-module>\n\t\t\t\t<script type=\"text\/javascript\">\n\t\t\t\t\tsetREVStartSize({c: 'rev_slider_21_1',rl:[1240,1024,778,480],el:[550,378,287,177],gw:[1920,1024,778,480],gh:[550,378,287,177],type:'standard',justify:'',layout:'fullwidth',mh:\"0\"});\n\t\t\t\t\tvar\trevapi21,\n\t\t\t\t\t\ttpj;\n\t\t\t\t\tfunction revinit_revslider211() {\n\t\t\t\t\tjQuery(function() {\n\t\t\t\t\t\ttpj = jQuery;\n\t\t\t\t\t\trevapi21 = tpj(\"#rev_slider_21_1\");\n\t\t\t\t\t\tif(revapi21==undefined || revapi21.revolution == undefined){\n\t\t\t\t\t\t\trevslider_showDoubleJqueryError(\"rev_slider_21_1\");\n\t\t\t\t\t\t}else{\n\t\t\t\t\t\t\trevapi21.revolution({\n\t\t\t\t\t\t\t\tDPR:\"dpr\",\n\t\t\t\t\t\t\t\tsliderLayout:\"fullwidth\",\n\t\t\t\t\t\t\t\tvisibilityLevels:\"1240,1024,778,480\",\n\t\t\t\t\t\t\t\tgridwidth:\"1920,1024,778,480\",\n\t\t\t\t\t\t\t\tgridheight:\"550,378,287,177\",\n\t\t\t\t\t\t\t\tperspective:600,\n\t\t\t\t\t\t\t\tperspectiveType:\"global\",\n\t\t\t\t\t\t\t\teditorheight:\"550,378,287,177\",\n\t\t\t\t\t\t\t\tresponsiveLevels:\"1240,1024,778,480\",\n\t\t\t\t\t\t\t\tprogressBar:{disableProgressBar:true},\n\t\t\t\t\t\t\t\tnavigation: {\n\t\t\t\t\t\t\t\t\tonHoverStop:false\n\t\t\t\t\t\t\t\t},\n\t\t\t\t\t\t\t\tfallbacks: {\n\t\t\t\t\t\t\t\t\tallowHTML5AutoPlayOnAndroid:true\n\t\t\t\t\t\t\t\t},\n\t\t\t\t\t\t\t});\n\t\t\t\t\t\t}\n\t\t\t\t\t\t\n\t\t\t\t\t});\n\t\t\t\t\t} \/\/ End of RevInitScript\n\t\t\t\tvar once_revslider211 = false;\n\t\t\t\tif (document.readyState === \"loading\") {document.addEventListener('readystatechange',function() { if((document.readyState === \"interactive\" || document.readyState === \"complete\") && !once_revslider211 ) { once_revslider211 = true; revinit_revslider211();}});} else {once_revslider211 = true; revinit_revslider211();}\n\t\t\t\t<\/script>\n\t\t\t<\/rs-module-wrap>\n\t\t\t<!-- END REVOLUTION SLIDER -->\n<\/div><div id='after_revolutionslider_1'  class='main_color av_default_container_wrap container_wrap fullsize'  ><div class='container av-section-cont-open' ><div class='template-page content  av-content-full alpha units'><div class='post-entry post-entry-type-page post-entry-1677'><div class='entry-content-wrapper clearfix'>\n\n<style type=\"text\/css\" data-created_by=\"avia_inline_auto\" id=\"style-css-av-ksvsmpmk-069075ae01604e5460989da5a4018b04\">\n#top .av-special-heading.av-ksvsmpmk-069075ae01604e5460989da5a4018b04{\npadding-bottom:10px;\n}\nbody .av-special-heading.av-ksvsmpmk-069075ae01604e5460989da5a4018b04 .av-special-heading-tag .heading-char{\nfont-size:25px;\n}\n.av-special-heading.av-ksvsmpmk-069075ae01604e5460989da5a4018b04 .av-subheading{\nfont-size:15px;\n}\n<\/style>\n<div  class='av-special-heading av-ksvsmpmk-069075ae01604e5460989da5a4018b04 av-special-heading-h3  avia-builder-el-1  el_after_av_revolutionslider  el_before_av_textblock  avia-builder-el-first '><h3 class='av-special-heading-tag '  itemprop=\"headline\"  >Schutz-Hygienekonzept<\/h3><div class=\"special-heading-border\"><div class=\"special-heading-inner-border\"><\/div><\/div><\/div>\n<section  class='av_textblock_section av-ksvsvqmu-fa6ced850eafbac24dbbedf15997e32a '   itemscope=\"itemscope\" itemtype=\"https:\/\/schema.org\/CreativeWork\" ><div class='avia_textblock'  itemprop=\"text\" ><p>Zum Schutz unserer Kunden und Mitarbeiter\/-innen vor einer weiteren Ausbreitung des Covid-19 Virus verpflichten wir uns, die folgenden Infektionsschutzgrunds\u00e4tze und Hygieneregeln einzuhalten.<\/p>\n<p><em><strong>Ansprechpartner zum Infektions- bzw. Hygieneschutz_<\/strong><\/em><\/p>\n<p>Name: Herr R\u00fcdiger Term\u00f6hlen<br \/>\nTel. \/ E-Mail: 04921 &#8211; 99 66 63 &#8211; info@tertours.de<\/p>\n<p>\u2022 Wir stellen den Mindestabstand von 1,5 Metern zwischen Personen sicher.<br \/>\n\u2022 In Zweifelsf\u00e4llen, in denen der Mindestabstand nicht sicher eingehalten werden kann, stellen wir Mund-Nasen-Bedeckungen zur Verf\u00fcgung.<br \/>\n\u2022 Personen mit Atemwegssymptomen (sofern nicht vom Arzt z.B. abgekl\u00e4rte Erk\u00e4ltung) halten wir vom Betriebsgel\u00e4nde \/ vom Ladengesch\u00e4ft etc. fern.<br \/>\n\u2022 Bei Verdachtsf\u00e4llen wenden wir ein festgelegtes Verfahren zur Abkl\u00e4rung an (z.B. bei Fieber)<\/p>\n<\/div><\/section>\n","protected":false},"excerpt":{"rendered":"","protected":false},"author":1,"featured_media":0,"parent":0,"menu_order":0,"comment_status":"closed","ping_status":"closed","template":"","meta":{"footnotes":""},"class_list":["post-1677","page","type-page","status-publish","hentry"],"_links":{"self":[{"href":"https:\/\/www.fewotours.de\/index.php?rest_route=\/wp\/v2\/pages\/1677","targetHints":{"allow":["GET"]}}],"collection":[{"href":"https:\/\/www.fewotours.de\/index.php?rest_route=\/wp\/v2\/pages"}],"about":[{"href":"https:\/\/www.fewotours.de\/index.php?rest_route=\/wp\/v2\/types\/page"}],"author":[{"embeddable":true,"href":"https:\/\/www.fewotours.de\/index.php?rest_route=\/wp\/v2\/users\/1"}],"replies":[{"embeddable":true,"href":"https:\/\/www.fewotours.de\/index.php?rest_route=%2Fwp%2Fv2%2Fcomments&post=1677"}],"version-history":[{"count":7,"href":"https:\/\/www.fewotours.de\/index.php?rest_route=\/wp\/v2\/pages\/1677\/revisions"}],"predecessor-version":[{"id":2123,"href":"https:\/\/www.fewotours.de\/index.php?rest_route=\/wp\/v2\/pages\/1677\/revisions\/2123"}],"wp:attachment":[{"href":"https:\/\/www.fewotours.de\/index.php?rest_route=%2Fwp%2Fv2%2Fmedia&parent=1677"}],"curies":[{"name":"wp","href":"https:\/\/api.w.org\/{rel}","templated":true}]}}